{"id":71,"date":"2021-11-24T09:21:30","date_gmt":"2021-11-24T08:21:30","guid":{"rendered":"https:\/\/www.gepgroup.se\/?page_id=71"},"modified":"2021-12-06T15:39:48","modified_gmt":"2021-12-06T14:39:48","slug":"lankar","status":"publish","type":"page","link":"https:\/\/www.gepgroup.se\/en\/lankar\/","title":{"rendered":"Links"},"content":{"rendered":"<div data-elementor-type=\"wp-page\" data-elementor-id=\"71\" class=\"elementor elementor-71\" data-elementor-post-type=\"page\">\n\t\t\t\t\t\t\t\t\t<section class=\"elementor-section elementor-top-section elementor-element elementor-element-6cbabf7c elementor-section-height-min-height elementor-section-boxed elementor-section-height-default elementor-section-items-middle\" data-id=\"6cbabf7c\" data-element_type=\"section\" data-settings=\"{&quot;background_background&quot;:&quot;classic&quot;,&quot;shape_divider_bottom&quot;:&quot;wave-brush&quot;}\">\n\t\t\t\t\t\t\t<div class=\"elementor-background-overlay\"><\/div>\n\t\t\t\t\t\t<div class=\"elementor-shape elementor-shape-bottom\" data-negative=\"false\">\n\t\t\t<svg xmlns=\"http:\/\/www.w3.org\/2000\/svg\" viewbox=\"0 0 283.5 27.8\" preserveaspectratio=\"none\">\n\t<path class=\"elementor-shape-fill\" d=\"M283.5,9.7c0,0-7.3,4.3-14,4.6c-6.8,0.3-12.6,0-20.9-1.5c-11.3-2-33.1-10.1-44.7-5.7\ts-12.1,4.6-18,7.4c-6.6,3.2-20,9.6-36.6,9.3C131.6,23.5,99.5,7.2,86.3,8c-1.4,0.1-6.6,0.8-10.5,2c-3.8,1.2-9.4,3.8-17,4.7\tc-3.2,0.4-8.3,1.1-14.2,0.9c-1.5-0.1-6.3-0.4-12-1.6c-5.7-1.2-11-3.1-15.8-3.7C6.5,9.2,0,10.8,0,10.8V0h283.5V9.7z M260.8,11.3\tc-0.7-1-2-0.4-4.3-0.4c-2.3,0-6.1-1.2-5.8-1.1c0.3,0.1,3.1,1.5,6,1.9C259.7,12.2,261.4,12.3,260.8,11.3z M242.4,8.6\tc0,0-2.4-0.2-5.6-0.9c-3.2-0.8-10.3-2.8-15.1-3.5c-8.2-1.1-15.8,0-15.1,0.1c0.8,0.1,9.6-0.6,17.6,1.1c3.3,0.7,9.3,2.2,12.4,2.7\tC239.9,8.7,242.4,8.6,242.4,8.6z M185.2,8.5c1.7-0.7-13.3,4.7-18.5,6.1c-2.1,0.6-6.2,1.6-10,2c-3.9,0.4-8.9,0.4-8.8,0.5\tc0,0.2,5.8,0.8,11.2,0c5.4-0.8,5.2-1.1,7.6-1.6C170.5,14.7,183.5,9.2,185.2,8.5z M199.1,6.9c0.2,0-0.8-0.4-4.8,1.1\tc-4,1.5-6.7,3.5-6.9,3.7c-0.2,0.1,3.5-1.8,6.6-3C197,7.5,199,6.9,199.1,6.9z M283,6c-0.1,0.1-1.9,1.1-4.8,2.5s-6.9,2.8-6.7,2.7\tc0.2,0,3.5-0.6,7.4-2.5C282.8,6.8,283.1,5.9,283,6z M31.3,11.6c0.1-0.2-1.9-0.2-4.5-1.2s-5.4-1.6-7.8-2C15,7.6,7.3,8.5,7.7,8.6\tC8,8.7,15.9,8.3,20.2,9.3c2.2,0.5,2.4,0.5,5.7,1.6S31.2,11.9,31.3,11.6z M73,9.2c0.4-0.1,3.5-1.6,8.4-2.6c4.9-1.1,8.9-0.5,8.9-0.8\tc0-0.3-1-0.9-6.2-0.3S72.6,9.3,73,9.2z M71.6,6.7C71.8,6.8,75,5.4,77.3,5c2.3-0.3,1.9-0.5,1.9-0.6c0-0.1-1.1-0.2-2.7,0.2\tC74.8,5.1,71.4,6.6,71.6,6.7z M93.6,4.4c0.1,0.2,3.5,0.8,5.6,1.8c2.1,1,1.8,0.6,1.9,0.5c0.1-0.1-0.8-0.8-2.4-1.3\tC97.1,4.8,93.5,4.2,93.6,4.4z M65.4,11.1c-0.1,0.3,0.3,0.5,1.9-0.2s2.6-1.3,2.2-1.2s-0.9,0.4-2.5,0.8C65.3,10.9,65.5,10.8,65.4,11.1\tz M34.5,12.4c-0.2,0,2.1,0.8,3.3,0.9c1.2,0.1,2,0.1,2-0.2c0-0.3-0.1-0.5-1.6-0.4C36.6,12.8,34.7,12.4,34.5,12.4z M152.2,21.1\tc-0.1,0.1-2.4-0.3-7.5-0.3c-5,0-13.6-2.4-17.2-3.5c-3.6-1.1,10,3.9,16.5,4.1C150.5,21.6,152.3,21,152.2,21.1z\"\/>\n\t<path class=\"elementor-shape-fill\" d=\"M269.6,18c-0.1-0.1-4.6,0.3-7.2,0c-7.3-0.7-17-3.2-16.6-2.9c0.4,0.3,13.7,3.1,17,3.3\tC267.7,18.8,269.7,18,269.6,18z\"\/>\n\t<path class=\"elementor-shape-fill\" d=\"M227.4,9.8c-0.2-0.1-4.5-1-9.5-1.2c-5-0.2-12.7,0.6-12.3,0.5c0.3-0.1,5.9-1.8,13.3-1.2\tS227.6,9.9,227.4,9.8z\"\/>\n\t<path class=\"elementor-shape-fill\" d=\"M204.5,13.4c-0.1-0.1,2-1,3.2-1.1c1.2-0.1,2,0,2,0.3c0,0.3-0.1,0.5-1.6,0.4\tC206.4,12.9,204.6,13.5,204.5,13.4z\"\/>\n\t<path class=\"elementor-shape-fill\" d=\"M201,10.6c0-0.1-4.4,1.2-6.3,2.2c-1.9,0.9-6.2,3.1-6.1,3.1c0.1,0.1,4.2-1.6,6.3-2.6\tS201,10.7,201,10.6z\"\/>\n\t<path class=\"elementor-shape-fill\" d=\"M154.5,26.7c-0.1-0.1-4.6,0.3-7.2,0c-7.3-0.7-17-3.2-16.6-2.9c0.4,0.3,13.7,3.1,17,3.3\tC152.6,27.5,154.6,26.8,154.5,26.7z\"\/>\n\t<path class=\"elementor-shape-fill\" d=\"M41.9,19.3c0,0,1.2-0.3,2.9-0.1c1.7,0.2,5.8,0.9,8.2,0.7c4.2-0.4,7.4-2.7,7-2.6\tc-0.4,0-4.3,2.2-8.6,1.9c-1.8-0.1-5.1-0.5-6.7-0.4S41.9,19.3,41.9,19.3z\"\/>\n\t<path class=\"elementor-shape-fill\" d=\"M75.5,12.6c0.2,0.1,2-0.8,4.3-1.1c2.3-0.2,2.1-0.3,2.1-0.5c0-0.1-1.8-0.4-3.4,0\tC76.9,11.5,75.3,12.5,75.5,12.6z\"\/>\n\t<path class=\"elementor-shape-fill\" d=\"M15.6,13.2c0-0.1,4.3,0,6.7,0.5c2.4,0.5,5,1.9,5,2c0,0.1-2.7-0.8-5.1-1.4\tC19.9,13.7,15.7,13.3,15.6,13.2z\"\/>\n<\/svg>\t\t<\/div>\n\t\t\t\t\t<div class=\"elementor-container elementor-column-gap-default\">\n\t\t\t\t\t<div class=\"elementor-column elementor-col-100 elementor-top-column elementor-element elementor-element-495b902a\" data-id=\"495b902a\" data-element_type=\"column\">\n\t\t\t<div class=\"elementor-widget-wrap elementor-element-populated\">\n\t\t\t\t\t\t\t\t<div class=\"elementor-element elementor-element-3bb0e945 elementor-widget-divider--view-line elementor-widget elementor-widget-divider\" data-id=\"3bb0e945\" data-element_type=\"widget\" data-widget_type=\"divider.default\">\n\t\t\t\t<div class=\"elementor-widget-container\">\n\t\t\t<style>\/*! elementor - v3.17.0 - 25-10-2023 *\/\n.elementor-widget-divider{--divider-border-style:none;--divider-border-width:1px;--divider-color:#0c0d0e;--divider-icon-size:20px;--divider-element-spacing:10px;--divider-pattern-height:24px;--divider-pattern-size:20px;--divider-pattern-url:none;--divider-pattern-repeat:repeat-x}.elementor-widget-divider .elementor-divider{display:flex}.elementor-widget-divider .elementor-divider__text{font-size:15px;line-height:1;max-width:95%}.elementor-widget-divider .elementor-divider__element{margin:0 var(--divider-element-spacing);flex-shrink:0}.elementor-widget-divider .elementor-icon{font-size:var(--divider-icon-size)}.elementor-widget-divider .elementor-divider-separator{display:flex;margin:0;direction:ltr}.elementor-widget-divider--view-line_icon .elementor-divider-separator,.elementor-widget-divider--view-line_text .elementor-divider-separator{align-items:center}.elementor-widget-divider--view-line_icon .elementor-divider-separator:after,.elementor-widget-divider--view-line_icon .elementor-divider-separator:before,.elementor-widget-divider--view-line_text .elementor-divider-separator:after,.elementor-widget-divider--view-line_text .elementor-divider-separator:before{display:block;content:\"\";border-bottom:0;flex-grow:1;border-top:var(--divider-border-width) var(--divider-border-style) var(--divider-color)}.elementor-widget-divider--element-align-left .elementor-divider .elementor-divider-separator>.elementor-divider__svg:first-of-type{flex-grow:0;flex-shrink:100}.elementor-widget-divider--element-align-left .elementor-divider-separator:before{content:none}.elementor-widget-divider--element-align-left .elementor-divider__element{margin-left:0}.elementor-widget-divider--element-align-right .elementor-divider .elementor-divider-separator>.elementor-divider__svg:last-of-type{flex-grow:0;flex-shrink:100}.elementor-widget-divider--element-align-right .elementor-divider-separator:after{content:none}.elementor-widget-divider--element-align-right .elementor-divider__element{margin-right:0}.elementor-widget-divider:not(.elementor-widget-divider--view-line_text):not(.elementor-widget-divider--view-line_icon) .elementor-divider-separator{border-top:var(--divider-border-width) var(--divider-border-style) var(--divider-color)}.elementor-widget-divider--separator-type-pattern{--divider-border-style:none}.elementor-widget-divider--separator-type-pattern.elementor-widget-divider--view-line .elementor-divider-separator,.elementor-widget-divider--separator-type-pattern:not(.elementor-widget-divider--view-line) .elementor-divider-separator:after,.elementor-widget-divider--separator-type-pattern:not(.elementor-widget-divider--view-line) .elementor-divider-separator:before,.elementor-widget-divider--separator-type-pattern:not([class*=elementor-widget-divider--view]) .elementor-divider-separator{width:100%;min-height:var(--divider-pattern-height);-webkit-mask-size:var(--divider-pattern-size) 100%;mask-size:var(--divider-pattern-size) 100%;-webkit-mask-repeat:var(--divider-pattern-repeat);mask-repeat:var(--divider-pattern-repeat);background-color:var(--divider-color);-webkit-mask-image:var(--divider-pattern-url);mask-image:var(--divider-pattern-url)}.elementor-widget-divider--no-spacing{--divider-pattern-size:auto}.elementor-widget-divider--bg-round{--divider-pattern-repeat:round}.rtl .elementor-widget-divider .elementor-divider__text{direction:rtl}.e-con-inner>.elementor-widget-divider,.e-con>.elementor-widget-divider{width:var(--container-widget-width,100%);--flex-grow:var(--container-widget-flex-grow)}<\/style>\t\t<div class=\"elementor-divider\">\n\t\t\t<span class=\"elementor-divider-separator\">\n\t\t\t\t\t\t<\/span>\n\t\t<\/div>\n\t\t\t\t<\/div>\n\t\t\t\t<\/div>\n\t\t\t\t\t<\/div>\n\t\t<\/div>\n\t\t\t\t\t\t\t<\/div>\n\t\t<\/section>\n\t\t\t\t<section class=\"elementor-section elementor-top-section elementor-element elementor-element-5d1f9487 elementor-section-boxed elementor-section-height-default elementor-section-height-default\" data-id=\"5d1f9487\" data-element_type=\"section\" data-settings=\"{&quot;background_background&quot;:&quot;classic&quot;,&quot;shape_divider_top&quot;:&quot;waves&quot;}\">\n\t\t\t\t\t<div class=\"elementor-shape elementor-shape-top\" data-negative=\"false\">\n\t\t\t<svg xmlns=\"http:\/\/www.w3.org\/2000\/svg\" viewbox=\"0 0 1000 100\" preserveaspectratio=\"none\">\n\t<path class=\"elementor-shape-fill\" d=\"M421.9,6.5c22.6-2.5,51.5,0.4,75.5,5.3c23.6,4.9,70.9,23.5,100.5,35.7c75.8,32.2,133.7,44.5,192.6,49.7\tc23.6,2.1,48.7,3.5,103.4-2.5c54.7-6,106.2-25.6,106.2-25.6V0H0v30.3c0,0,72,32.6,158.4,30.5c39.2-0.7,92.8-6.7,134-22.4\tc21.2-8.1,52.2-18.2,79.7-24.2C399.3,7.9,411.6,7.5,421.9,6.5z\"\/>\n<\/svg>\t\t<\/div>\n\t\t\t\t\t<div class=\"elementor-container elementor-column-gap-default\">\n\t\t\t\t\t<div class=\"elementor-column elementor-col-100 elementor-top-column elementor-element elementor-element-1e18c2fd\" data-id=\"1e18c2fd\" data-element_type=\"column\">\n\t\t\t<div class=\"elementor-widget-wrap elementor-element-populated\">\n\t\t\t\t\t\t\t\t<div class=\"elementor-element elementor-element-f880656 elementor-widget elementor-widget-eael-logo-carousel\" data-id=\"f880656\" data-element_type=\"widget\" data-settings=\"{&quot;items&quot;:{&quot;unit&quot;:&quot;px&quot;,&quot;size&quot;:3,&quot;sizes&quot;:[]},&quot;items_tablet&quot;:{&quot;unit&quot;:&quot;px&quot;,&quot;size&quot;:2,&quot;sizes&quot;:[]},&quot;items_mobile&quot;:{&quot;unit&quot;:&quot;px&quot;,&quot;size&quot;:1,&quot;sizes&quot;:[]}}\" data-widget_type=\"eael-logo-carousel.default\">\n\t\t\t\t<div class=\"elementor-widget-container\">\n\t\t\t        <div class=\"swiper-container-wrap eael-logo-carousel-wrap\">\n            <div class=\"swiper-container swiper-8-lower eael-logo-carousel swiper-container-f880656\" data-pagination=\".swiper-pagination-f880656\" data-arrow-next=\".swiper-button-next-f880656\" data-arrow-prev=\".swiper-button-prev-f880656\" data-items-mobile=\"1\" data-items-tablet=\"2\" data-items=\"3\" data-margin=\"20\" data-effect=\"slide\" data-speed=\"790\" data-autoplay=\"2000\" data-loop=\"1\" data-arrows=\"1\">\n                <div class=\"swiper-wrapper\">\n\t\t\t\t\t                            <div class=\"swiper-slide\">\n                                <div class=\"eael-lc-logo-wrap\">\n                                    <div class=\"eael-lc-logo\">\n\t\t\t\t\t\t\t\t\t\t<a href=\"http:\/\/www.eiga.org\/\" target=\"_blank\" rel=\"nofollow\"><img decoding=\"async\" class=\"eael-lc-img-src\" src=\"https:\/\/www.gepgroup.se\/wp-content\/uploads\/2021\/11\/eiga.webp\" alt=\"\"><\/a>                                    <\/div>\n\t\t\t\t\t\t\t\t\t<h4 class=\"eael-logo-carousel-title\"><a href=\"http:\/\/www.eiga.org\/\" target=\"_blank\" rel=\"nofollow\">The European Industrial Gases Association has a number of documents on gas technology and safety.<\/a><\/h4>                                <\/div>\n                            <\/div>\n\t\t\t\t\t\t                            <div class=\"swiper-slide\">\n                                <div class=\"eael-lc-logo-wrap\">\n                                    <div class=\"eael-lc-logo\">\n\t\t\t\t\t\t\t\t\t\t<a href=\"http:\/\/www.ferronova.com\/international\/web\/lg\/fer\/likelgfer.nsf\/DocByAlias\/Homepage\" target=\"_blank\" rel=\"nofollow\"><img decoding=\"async\" class=\"eael-lc-img-src\" src=\"https:\/\/www.gepgroup.se\/wp-content\/uploads\/2021\/11\/Linde_plc_logo_resized_combi_cyan_1_3_2_sRGB_tcm316-591169_tcm581-591169-1.webp\" alt=\"\"><\/a>                                    <\/div>\n\t\t\t\t\t\t\t\t\t<h4 class=\"eael-logo-carousel-title\"><a href=\"http:\/\/www.ferronova.com\/international\/web\/lg\/fer\/likelgfer.nsf\/DocByAlias\/Homepage\" target=\"_blank\" rel=\"nofollow\">En site f\u00f6r v\u00e4rmebehandlingsprocesser, analys och tillh\u00f6rande gassystem.<\/a><\/h4>                                <\/div>\n                            <\/div>\n\t\t\t\t\t\t                            <div class=\"swiper-slide\">\n                                <div class=\"eael-lc-logo-wrap\">\n                                    <div class=\"eael-lc-logo\">\n\t\t\t\t\t\t\t\t\t\t<a href=\"http:\/\/www.gasworld.com\/\" target=\"_blank\" rel=\"nofollow\"><img decoding=\"async\" class=\"eael-lc-img-src\" src=\"https:\/\/www.gepgroup.se\/wp-content\/uploads\/2021\/11\/gasworld-1.webp\" alt=\"\"><\/a>                                    <\/div>\n\t\t\t\t\t\t\t\t\t<h4 class=\"eael-logo-carousel-title\"><a href=\"http:\/\/www.gasworld.com\/\" target=\"_blank\" rel=\"nofollow\">213 \/ 5000\n\u00d6vers\u00e4ttningsresultat\nAn interesting site that has information about what is happening in all the world's industrial gas companies and in general in the gas industry. If you need to buy a used air separation plant (ASU), you may be able to find it here.<\/a><\/h4>                                <\/div>\n                            <\/div>\n\t\t\t\t\t\t                            <div class=\"swiper-slide\">\n                                <div class=\"eael-lc-logo-wrap\">\n                                    <div class=\"eael-lc-logo\">\n\t\t\t\t\t\t\t\t\t\t<a href=\"http:\/\/www.onlineconversion.com\/\" target=\"_blank\" rel=\"nofollow\"><img decoding=\"async\" class=\"eael-lc-img-src\" src=\"https:\/\/www.gepgroup.se\/wp-content\/uploads\/2021\/11\/rf_logo-1.webp\" alt=\"\"><\/a>                                    <\/div>\n\t\t\t\t\t\t\t\t\t<h4 class=\"eael-logo-carousel-title\"><a href=\"http:\/\/www.onlineconversion.com\/\" target=\"_blank\" rel=\"nofollow\">When you need to convert physical devices to another variety. Quick, easy and free.<\/a><\/h4>                                <\/div>\n                            <\/div>\n\t\t\t\t\t\t                <\/div>\n            <\/div>\n\t\t\t\t\t\t            <!-- Add Arrows -->\n            <div class=\"swiper-button-next swiper-button-next-f880656\">\n\t\t\t\t<i class=\"fas fa-angle-right\"><\/i>            <\/div>\n            <div class=\"swiper-button-prev swiper-button-prev-f880656\">\n\t\t\t\t<i class=\"fas fa-angle-left\"><\/i>            <\/div>\n\t\t        <\/div>\n\t\t\t\t<\/div>\n\t\t\t\t<\/div>\n\t\t\t\t\t<\/div>\n\t\t<\/div>\n\t\t\t\t\t\t\t<\/div>\n\t\t<\/section>\n\t\t\t\t\t\t\t<\/div>","protected":false},"excerpt":{"rendered":"<p>European Industrial Gases Association har en m\u00e4ngd dokument kring gasteknik och s\u00e4kerhet. En site f\u00f6r v\u00e4rmebehandlingsprocesser, analys och tillh\u00f6rande gassystem. En intressant site som har information om vad som h\u00e4nder inom v\u00e4rldens alla industriella gasbolag och allm\u00e4nt inom gasbranschen. Beh\u00f6ver du k\u00f6pa en begagnad luftseparationsfabrik (ASU) kan du kanske hitta den h\u00e4r. N\u00e4r du beh\u00f6ver [&hellip;]<\/p>","protected":false},"author":1,"featured_media":0,"parent":0,"menu_order":0,"comment_status":"closed","ping_status":"closed","template":"","meta":{"_seopress_robots_primary_cat":"","footnotes":""},"Pagecategories":[],"class_list":["post-71","page","type-page","status-publish","hentry"],"_links":{"self":[{"href":"https:\/\/www.gepgroup.se\/en\/wp-json\/wp\/v2\/pages\/71","targetHints":{"allow":["GET"]}}],"collection":[{"href":"https:\/\/www.gepgroup.se\/en\/wp-json\/wp\/v2\/pages"}],"about":[{"href":"https:\/\/www.gepgroup.se\/en\/wp-json\/wp\/v2\/types\/page"}],"author":[{"embeddable":true,"href":"https:\/\/www.gepgroup.se\/en\/wp-json\/wp\/v2\/users\/1"}],"replies":[{"embeddable":true,"href":"https:\/\/www.gepgroup.se\/en\/wp-json\/wp\/v2\/comments?post=71"}],"version-history":[{"count":5,"href":"https:\/\/www.gepgroup.se\/en\/wp-json\/wp\/v2\/pages\/71\/revisions"}],"predecessor-version":[{"id":290,"href":"https:\/\/www.gepgroup.se\/en\/wp-json\/wp\/v2\/pages\/71\/revisions\/290"}],"wp:attachment":[{"href":"https:\/\/www.gepgroup.se\/en\/wp-json\/wp\/v2\/media?parent=71"}],"wp:term":[{"taxonomy":"Pagecategories","embeddable":true,"href":"https:\/\/www.gepgroup.se\/en\/wp-json\/wp\/v2\/Pagecategories?post=71"}],"curies":[{"name":"wp","href":"https:\/\/api.w.org\/{rel}","templated":true}]}}