{"id":74,"date":"2021-11-24T09:21:52","date_gmt":"2021-11-24T08:21:52","guid":{"rendered":"https:\/\/www.gepgroup.se\/?page_id=74"},"modified":"2021-11-24T12:59:49","modified_gmt":"2021-11-24T11:59:49","slug":"produkter","status":"publish","type":"page","link":"https:\/\/www.gepgroup.se\/en\/produkter\/","title":{"rendered":"Products"},"content":{"rendered":"<div data-elementor-type=\"wp-page\" data-elementor-id=\"74\" class=\"elementor elementor-74\" data-elementor-post-type=\"page\">\n\t\t\t\t\t\t\t\t\t<section class=\"elementor-section elementor-top-section elementor-element elementor-element-3729821a elementor-section-height-min-height elementor-section-boxed elementor-section-height-default elementor-section-items-middle\" data-id=\"3729821a\" data-element_type=\"section\" data-settings=\"{&quot;background_background&quot;:&quot;classic&quot;,&quot;shape_divider_bottom&quot;:&quot;wave-brush&quot;}\">\n\t\t\t\t\t\t\t<div class=\"elementor-background-overlay\"><\/div>\n\t\t\t\t\t\t<div class=\"elementor-shape elementor-shape-bottom\" data-negative=\"false\">\n\t\t\t<svg xmlns=\"http:\/\/www.w3.org\/2000\/svg\" viewbox=\"0 0 283.5 27.8\" preserveaspectratio=\"none\">\n\t<path class=\"elementor-shape-fill\" d=\"M283.5,9.7c0,0-7.3,4.3-14,4.6c-6.8,0.3-12.6,0-20.9-1.5c-11.3-2-33.1-10.1-44.7-5.7\ts-12.1,4.6-18,7.4c-6.6,3.2-20,9.6-36.6,9.3C131.6,23.5,99.5,7.2,86.3,8c-1.4,0.1-6.6,0.8-10.5,2c-3.8,1.2-9.4,3.8-17,4.7\tc-3.2,0.4-8.3,1.1-14.2,0.9c-1.5-0.1-6.3-0.4-12-1.6c-5.7-1.2-11-3.1-15.8-3.7C6.5,9.2,0,10.8,0,10.8V0h283.5V9.7z M260.8,11.3\tc-0.7-1-2-0.4-4.3-0.4c-2.3,0-6.1-1.2-5.8-1.1c0.3,0.1,3.1,1.5,6,1.9C259.7,12.2,261.4,12.3,260.8,11.3z M242.4,8.6\tc0,0-2.4-0.2-5.6-0.9c-3.2-0.8-10.3-2.8-15.1-3.5c-8.2-1.1-15.8,0-15.1,0.1c0.8,0.1,9.6-0.6,17.6,1.1c3.3,0.7,9.3,2.2,12.4,2.7\tC239.9,8.7,242.4,8.6,242.4,8.6z M185.2,8.5c1.7-0.7-13.3,4.7-18.5,6.1c-2.1,0.6-6.2,1.6-10,2c-3.9,0.4-8.9,0.4-8.8,0.5\tc0,0.2,5.8,0.8,11.2,0c5.4-0.8,5.2-1.1,7.6-1.6C170.5,14.7,183.5,9.2,185.2,8.5z M199.1,6.9c0.2,0-0.8-0.4-4.8,1.1\tc-4,1.5-6.7,3.5-6.9,3.7c-0.2,0.1,3.5-1.8,6.6-3C197,7.5,199,6.9,199.1,6.9z M283,6c-0.1,0.1-1.9,1.1-4.8,2.5s-6.9,2.8-6.7,2.7\tc0.2,0,3.5-0.6,7.4-2.5C282.8,6.8,283.1,5.9,283,6z M31.3,11.6c0.1-0.2-1.9-0.2-4.5-1.2s-5.4-1.6-7.8-2C15,7.6,7.3,8.5,7.7,8.6\tC8,8.7,15.9,8.3,20.2,9.3c2.2,0.5,2.4,0.5,5.7,1.6S31.2,11.9,31.3,11.6z M73,9.2c0.4-0.1,3.5-1.6,8.4-2.6c4.9-1.1,8.9-0.5,8.9-0.8\tc0-0.3-1-0.9-6.2-0.3S72.6,9.3,73,9.2z M71.6,6.7C71.8,6.8,75,5.4,77.3,5c2.3-0.3,1.9-0.5,1.9-0.6c0-0.1-1.1-0.2-2.7,0.2\tC74.8,5.1,71.4,6.6,71.6,6.7z M93.6,4.4c0.1,0.2,3.5,0.8,5.6,1.8c2.1,1,1.8,0.6,1.9,0.5c0.1-0.1-0.8-0.8-2.4-1.3\tC97.1,4.8,93.5,4.2,93.6,4.4z M65.4,11.1c-0.1,0.3,0.3,0.5,1.9-0.2s2.6-1.3,2.2-1.2s-0.9,0.4-2.5,0.8C65.3,10.9,65.5,10.8,65.4,11.1\tz M34.5,12.4c-0.2,0,2.1,0.8,3.3,0.9c1.2,0.1,2,0.1,2-0.2c0-0.3-0.1-0.5-1.6-0.4C36.6,12.8,34.7,12.4,34.5,12.4z M152.2,21.1\tc-0.1,0.1-2.4-0.3-7.5-0.3c-5,0-13.6-2.4-17.2-3.5c-3.6-1.1,10,3.9,16.5,4.1C150.5,21.6,152.3,21,152.2,21.1z\"\/>\n\t<path class=\"elementor-shape-fill\" d=\"M269.6,18c-0.1-0.1-4.6,0.3-7.2,0c-7.3-0.7-17-3.2-16.6-2.9c0.4,0.3,13.7,3.1,17,3.3\tC267.7,18.8,269.7,18,269.6,18z\"\/>\n\t<path class=\"elementor-shape-fill\" d=\"M227.4,9.8c-0.2-0.1-4.5-1-9.5-1.2c-5-0.2-12.7,0.6-12.3,0.5c0.3-0.1,5.9-1.8,13.3-1.2\tS227.6,9.9,227.4,9.8z\"\/>\n\t<path class=\"elementor-shape-fill\" d=\"M204.5,13.4c-0.1-0.1,2-1,3.2-1.1c1.2-0.1,2,0,2,0.3c0,0.3-0.1,0.5-1.6,0.4\tC206.4,12.9,204.6,13.5,204.5,13.4z\"\/>\n\t<path class=\"elementor-shape-fill\" d=\"M201,10.6c0-0.1-4.4,1.2-6.3,2.2c-1.9,0.9-6.2,3.1-6.1,3.1c0.1,0.1,4.2-1.6,6.3-2.6\tS201,10.7,201,10.6z\"\/>\n\t<path class=\"elementor-shape-fill\" d=\"M154.5,26.7c-0.1-0.1-4.6,0.3-7.2,0c-7.3-0.7-17-3.2-16.6-2.9c0.4,0.3,13.7,3.1,17,3.3\tC152.6,27.5,154.6,26.8,154.5,26.7z\"\/>\n\t<path class=\"elementor-shape-fill\" d=\"M41.9,19.3c0,0,1.2-0.3,2.9-0.1c1.7,0.2,5.8,0.9,8.2,0.7c4.2-0.4,7.4-2.7,7-2.6\tc-0.4,0-4.3,2.2-8.6,1.9c-1.8-0.1-5.1-0.5-6.7-0.4S41.9,19.3,41.9,19.3z\"\/>\n\t<path class=\"elementor-shape-fill\" d=\"M75.5,12.6c0.2,0.1,2-0.8,4.3-1.1c2.3-0.2,2.1-0.3,2.1-0.5c0-0.1-1.8-0.4-3.4,0\tC76.9,11.5,75.3,12.5,75.5,12.6z\"\/>\n\t<path class=\"elementor-shape-fill\" d=\"M15.6,13.2c0-0.1,4.3,0,6.7,0.5c2.4,0.5,5,1.9,5,2c0,0.1-2.7-0.8-5.1-1.4\tC19.9,13.7,15.7,13.3,15.6,13.2z\"\/>\n<\/svg>\t\t<\/div>\n\t\t\t\t\t<div class=\"elementor-container elementor-column-gap-default\">\n\t\t\t\t\t<div class=\"elementor-column elementor-col-100 elementor-top-column elementor-element elementor-element-79b47133\" data-id=\"79b47133\" data-element_type=\"column\">\n\t\t\t<div class=\"elementor-widget-wrap elementor-element-populated\">\n\t\t\t\t\t\t\t\t<div class=\"elementor-element elementor-element-1c1832a1 elementor-widget-divider--view-line elementor-widget elementor-widget-divider\" data-id=\"1c1832a1\" data-element_type=\"widget\" data-widget_type=\"divider.default\">\n\t\t\t\t<div class=\"elementor-widget-container\">\n\t\t\t<style>\/*! elementor - v3.17.0 - 25-10-2023 *\/\n.elementor-widget-divider{--divider-border-style:none;--divider-border-width:1px;--divider-color:#0c0d0e;--divider-icon-size:20px;--divider-element-spacing:10px;--divider-pattern-height:24px;--divider-pattern-size:20px;--divider-pattern-url:none;--divider-pattern-repeat:repeat-x}.elementor-widget-divider .elementor-divider{display:flex}.elementor-widget-divider .elementor-divider__text{font-size:15px;line-height:1;max-width:95%}.elementor-widget-divider .elementor-divider__element{margin:0 var(--divider-element-spacing);flex-shrink:0}.elementor-widget-divider .elementor-icon{font-size:var(--divider-icon-size)}.elementor-widget-divider .elementor-divider-separator{display:flex;margin:0;direction:ltr}.elementor-widget-divider--view-line_icon .elementor-divider-separator,.elementor-widget-divider--view-line_text .elementor-divider-separator{align-items:center}.elementor-widget-divider--view-line_icon .elementor-divider-separator:after,.elementor-widget-divider--view-line_icon .elementor-divider-separator:before,.elementor-widget-divider--view-line_text .elementor-divider-separator:after,.elementor-widget-divider--view-line_text .elementor-divider-separator:before{display:block;content:\"\";border-bottom:0;flex-grow:1;border-top:var(--divider-border-width) var(--divider-border-style) var(--divider-color)}.elementor-widget-divider--element-align-left .elementor-divider .elementor-divider-separator>.elementor-divider__svg:first-of-type{flex-grow:0;flex-shrink:100}.elementor-widget-divider--element-align-left .elementor-divider-separator:before{content:none}.elementor-widget-divider--element-align-left .elementor-divider__element{margin-left:0}.elementor-widget-divider--element-align-right .elementor-divider .elementor-divider-separator>.elementor-divider__svg:last-of-type{flex-grow:0;flex-shrink:100}.elementor-widget-divider--element-align-right .elementor-divider-separator:after{content:none}.elementor-widget-divider--element-align-right .elementor-divider__element{margin-right:0}.elementor-widget-divider:not(.elementor-widget-divider--view-line_text):not(.elementor-widget-divider--view-line_icon) .elementor-divider-separator{border-top:var(--divider-border-width) var(--divider-border-style) var(--divider-color)}.elementor-widget-divider--separator-type-pattern{--divider-border-style:none}.elementor-widget-divider--separator-type-pattern.elementor-widget-divider--view-line .elementor-divider-separator,.elementor-widget-divider--separator-type-pattern:not(.elementor-widget-divider--view-line) .elementor-divider-separator:after,.elementor-widget-divider--separator-type-pattern:not(.elementor-widget-divider--view-line) .elementor-divider-separator:before,.elementor-widget-divider--separator-type-pattern:not([class*=elementor-widget-divider--view]) .elementor-divider-separator{width:100%;min-height:var(--divider-pattern-height);-webkit-mask-size:var(--divider-pattern-size) 100%;mask-size:var(--divider-pattern-size) 100%;-webkit-mask-repeat:var(--divider-pattern-repeat);mask-repeat:var(--divider-pattern-repeat);background-color:var(--divider-color);-webkit-mask-image:var(--divider-pattern-url);mask-image:var(--divider-pattern-url)}.elementor-widget-divider--no-spacing{--divider-pattern-size:auto}.elementor-widget-divider--bg-round{--divider-pattern-repeat:round}.rtl .elementor-widget-divider .elementor-divider__text{direction:rtl}.e-con-inner>.elementor-widget-divider,.e-con>.elementor-widget-divider{width:var(--container-widget-width,100%);--flex-grow:var(--container-widget-flex-grow)}<\/style>\t\t<div class=\"elementor-divider\">\n\t\t\t<span class=\"elementor-divider-separator\">\n\t\t\t\t\t\t<\/span>\n\t\t<\/div>\n\t\t\t\t<\/div>\n\t\t\t\t<\/div>\n\t\t\t\t\t<\/div>\n\t\t<\/div>\n\t\t\t\t\t\t\t<\/div>\n\t\t<\/section>\n\t\t\t\t<section class=\"elementor-section elementor-top-section elementor-element elementor-element-71c0c899 elementor-section-boxed elementor-section-height-default elementor-section-height-default\" data-id=\"71c0c899\" data-element_type=\"section\" data-settings=\"{&quot;background_background&quot;:&quot;classic&quot;,&quot;shape_divider_top&quot;:&quot;waves&quot;}\">\n\t\t\t\t\t<div class=\"elementor-shape elementor-shape-top\" data-negative=\"false\">\n\t\t\t<svg xmlns=\"http:\/\/www.w3.org\/2000\/svg\" viewbox=\"0 0 1000 100\" preserveaspectratio=\"none\">\n\t<path class=\"elementor-shape-fill\" d=\"M421.9,6.5c22.6-2.5,51.5,0.4,75.5,5.3c23.6,4.9,70.9,23.5,100.5,35.7c75.8,32.2,133.7,44.5,192.6,49.7\tc23.6,2.1,48.7,3.5,103.4-2.5c54.7-6,106.2-25.6,106.2-25.6V0H0v30.3c0,0,72,32.6,158.4,30.5c39.2-0.7,92.8-6.7,134-22.4\tc21.2-8.1,52.2-18.2,79.7-24.2C399.3,7.9,411.6,7.5,421.9,6.5z\"\/>\n<\/svg>\t\t<\/div>\n\t\t\t\t\t<div class=\"elementor-container elementor-column-gap-default\">\n\t\t\t\t\t<div class=\"elementor-column elementor-col-100 elementor-top-column elementor-element elementor-element-de99f70\" data-id=\"de99f70\" data-element_type=\"column\">\n\t\t\t<div class=\"elementor-widget-wrap elementor-element-populated\">\n\t\t\t\t\t\t\t\t<div class=\"elementor-element elementor-element-e9a1908 elementor-grid-3 elementor-grid-tablet-2 elementor-grid-mobile-1 elementor-posts--thumbnail-top elementor-card-shadow-yes elementor-posts__hover-gradient elementor-widget elementor-widget-posts\" data-id=\"e9a1908\" data-element_type=\"widget\" data-settings=\"{&quot;cards_columns&quot;:&quot;3&quot;,&quot;cards_columns_tablet&quot;:&quot;2&quot;,&quot;cards_columns_mobile&quot;:&quot;1&quot;,&quot;cards_row_gap&quot;:{&quot;unit&quot;:&quot;px&quot;,&quot;size&quot;:35,&quot;sizes&quot;:[]},&quot;cards_row_gap_tablet&quot;:{&quot;unit&quot;:&quot;px&quot;,&quot;size&quot;:&quot;&quot;,&quot;sizes&quot;:[]},&quot;cards_row_gap_mobile&quot;:{&quot;unit&quot;:&quot;px&quot;,&quot;size&quot;:&quot;&quot;,&quot;sizes&quot;:[]}}\" data-widget_type=\"posts.cards\">\n\t\t\t\t<div class=\"elementor-widget-container\">\n\t\t\t<link rel=\"stylesheet\" href=\"http:\/\/www.gepgroup.se\/wp-content\/plugins\/elementor-pro\/assets\/css\/widget-posts.min.css\">\t\t<div class=\"elementor-posts-container elementor-posts elementor-posts--skin-cards elementor-grid\">\n\t\t\t\t<article class=\"elementor-post elementor-grid-item post-95 page type-page status-publish has-post-thumbnail hentry Pagecategories-produkter\">\n\t\t\t<div class=\"elementor-post__card\">\n\t\t\t\t<a class=\"elementor-post__thumbnail__link\" href=\"https:\/\/www.gepgroup.se\/en\/gasuppgradering-avsvavling\/\" ><div class=\"elementor-post__thumbnail\"><img decoding=\"async\" width=\"300\" height=\"184\" src=\"https:\/\/www.gepgroup.se\/wp-content\/uploads\/2021\/11\/ezgif.com-gif-maker-2-300x184.webp\" class=\"attachment-medium size-medium wp-image-194\" alt=\"\" srcset=\"https:\/\/www.gepgroup.se\/wp-content\/uploads\/2021\/11\/ezgif.com-gif-maker-2-300x184.webp 300w, https:\/\/www.gepgroup.se\/wp-content\/uploads\/2021\/11\/ezgif.com-gif-maker-2-18x12.webp 18w, https:\/\/www.gepgroup.se\/wp-content\/uploads\/2021\/11\/ezgif.com-gif-maker-2.webp 572w\" sizes=\"(max-width: 300px) 100vw, 300px\" \/><\/div><\/a>\n\t\t\t\t<div class=\"elementor-post__text\">\n\t\t\t\t<h3 class=\"elementor-post__title\">\n\t\t\t<a href=\"https:\/\/www.gepgroup.se\/en\/gasuppgradering-avsvavling\/\" >\n\t\t\t\tGas Upgrade &amp; Desulphurisation\t\t\t<\/a>\n\t\t<\/h3>\n\t\t\t\t<div class=\"elementor-post__excerpt\">\n\t\t\t<p>Together with DMT, we deliver complete biogas upgrade plants to vehicle gas quality. Both with scrubber technology and the new membrane technology. Sometimes it is also required that the raw gas is purified from sulfur<\/p>\n\t\t<\/div>\n\t\t\n\t\t<a class=\"elementor-post__read-more\" href=\"https:\/\/www.gepgroup.se\/en\/gasuppgradering-avsvavling\/\" aria-label=\"Read more about Gasuppgradering &#038; Avsvavling\" >\n\t\t\tRead more \u00bb\t\t<\/a>\n\n\t\t\t\t<\/div>\n\t\t\t\t\t<\/div>\n\t\t<\/article>\n\t\t\t\t<article class=\"elementor-post elementor-grid-item post-92 page type-page status-publish has-post-thumbnail hentry Pagecategories-produkter\">\n\t\t\t<div class=\"elementor-post__card\">\n\t\t\t\t<a class=\"elementor-post__thumbnail__link\" href=\"https:\/\/www.gepgroup.se\/en\/kompressorstationer-dispensrar\/\" ><div class=\"elementor-post__thumbnail\"><img decoding=\"async\" width=\"300\" height=\"224\" src=\"https:\/\/www.gepgroup.se\/wp-content\/uploads\/2021\/11\/IMG_0516-300x224.webp\" class=\"attachment-medium size-medium wp-image-183\" alt=\"\" srcset=\"https:\/\/www.gepgroup.se\/wp-content\/uploads\/2021\/11\/IMG_0516-300x224.webp 300w, https:\/\/www.gepgroup.se\/wp-content\/uploads\/2021\/11\/IMG_0516-1024x765.webp 1024w, https:\/\/www.gepgroup.se\/wp-content\/uploads\/2021\/11\/IMG_0516-768x574.webp 768w, https:\/\/www.gepgroup.se\/wp-content\/uploads\/2021\/11\/IMG_0516-1536x1147.webp 1536w, https:\/\/www.gepgroup.se\/wp-content\/uploads\/2021\/11\/IMG_0516-16x12.webp 16w, https:\/\/www.gepgroup.se\/wp-content\/uploads\/2021\/11\/IMG_0516.webp 1920w\" sizes=\"(max-width: 300px) 100vw, 300px\" \/><\/div><\/a>\n\t\t\t\t<div class=\"elementor-post__text\">\n\t\t\t\t<h3 class=\"elementor-post__title\">\n\t\t\t<a href=\"https:\/\/www.gepgroup.se\/en\/kompressorstationer-dispensrar\/\" >\n\t\t\t\tCompressor Stations &amp; Dispensers\t\t\t<\/a>\n\t\t<\/h3>\n\t\t\t\t<div class=\"elementor-post__excerpt\">\n\t\t\t<p>Vi kan erbjuda&nbsp;kompletta&nbsp;kompressorstationer&nbsp;med tankdispensrar f\u00f6r fyllning av biogas till fordon. GEP Group samarbetar med bl.a.&nbsp;en&nbsp;stor Italiensk&nbsp;leverant\u00f6r. H\u00e4r n\u00e5gra bilder fr\u00e5n tankstationer i Tomelilla och Simrishamn.<\/p>\n\t\t<\/div>\n\t\t\n\t\t<a class=\"elementor-post__read-more\" href=\"https:\/\/www.gepgroup.se\/en\/kompressorstationer-dispensrar\/\" aria-label=\"Read more about Kompressorstationer &#038; Dispensrar\" >\n\t\t\tRead more \u00bb\t\t<\/a>\n\n\t\t\t\t<\/div>\n\t\t\t\t\t<\/div>\n\t\t<\/article>\n\t\t\t\t<article class=\"elementor-post elementor-grid-item post-89 page type-page status-publish has-post-thumbnail hentry Pagecategories-produkter\">\n\t\t\t<div class=\"elementor-post__card\">\n\t\t\t\t<a class=\"elementor-post__thumbnail__link\" href=\"https:\/\/www.gepgroup.se\/en\/specialfett-och-tatningspasta\/\" ><div class=\"elementor-post__thumbnail\"><img decoding=\"async\" width=\"300\" height=\"200\" src=\"https:\/\/www.gepgroup.se\/wp-content\/uploads\/2021\/11\/shutterstock_322983134-300x200.webp\" class=\"attachment-medium size-medium wp-image-177\" alt=\"\" srcset=\"https:\/\/www.gepgroup.se\/wp-content\/uploads\/2021\/11\/shutterstock_322983134-300x200.webp 300w, https:\/\/www.gepgroup.se\/wp-content\/uploads\/2021\/11\/shutterstock_322983134-1024x684.webp 1024w, https:\/\/www.gepgroup.se\/wp-content\/uploads\/2021\/11\/shutterstock_322983134-768x513.webp 768w, https:\/\/www.gepgroup.se\/wp-content\/uploads\/2021\/11\/shutterstock_322983134-1536x1026.webp 1536w, https:\/\/www.gepgroup.se\/wp-content\/uploads\/2021\/11\/shutterstock_322983134-18x12.webp 18w, https:\/\/www.gepgroup.se\/wp-content\/uploads\/2021\/11\/shutterstock_322983134.webp 1920w\" sizes=\"(max-width: 300px) 100vw, 300px\" \/><\/div><\/a>\n\t\t\t\t<div class=\"elementor-post__text\">\n\t\t\t\t<h3 class=\"elementor-post__title\">\n\t\t\t<a href=\"https:\/\/www.gepgroup.se\/en\/specialfett-och-tatningspasta\/\" >\n\t\t\t\tGrease and sealant paste\t\t\t<\/a>\n\t\t<\/h3>\n\t\t\t\t<div class=\"elementor-post__excerpt\">\n\t\t\t<p>GEP Group kan erbjuda mycket speciella och h\u00f6gkvalitativa sm\u00f6rjfetter och t\u00e4tningspastor f\u00f6r oxygen och andra gaser. \u00c4ven f\u00f6r mycket h\u00f6ga tryck och temperaturer Formula-8PTFE: Flytande<\/p>\n\t\t<\/div>\n\t\t\n\t\t<a class=\"elementor-post__read-more\" href=\"https:\/\/www.gepgroup.se\/en\/specialfett-och-tatningspasta\/\" aria-label=\"Read more about Specialfett och T\u00e4tningspasta\" >\n\t\t\tRead more \u00bb\t\t<\/a>\n\n\t\t\t\t<\/div>\n\t\t\t\t\t<\/div>\n\t\t<\/article>\n\t\t\t\t<article class=\"elementor-post elementor-grid-item post-86 page type-page status-publish has-post-thumbnail hentry Pagecategories-produkter\">\n\t\t\t<div class=\"elementor-post__card\">\n\t\t\t\t<a class=\"elementor-post__thumbnail__link\" href=\"https:\/\/www.gepgroup.se\/en\/blandningsstationer-gaspaneler\/\" ><div class=\"elementor-post__thumbnail\"><img decoding=\"async\" width=\"300\" height=\"225\" src=\"https:\/\/www.gepgroup.se\/wp-content\/uploads\/2021\/11\/bild_2-300x225.webp\" class=\"attachment-medium size-medium wp-image-170\" alt=\"\" srcset=\"https:\/\/www.gepgroup.se\/wp-content\/uploads\/2021\/11\/bild_2-300x225.webp 300w, https:\/\/www.gepgroup.se\/wp-content\/uploads\/2021\/11\/bild_2-16x12.webp 16w, https:\/\/www.gepgroup.se\/wp-content\/uploads\/2021\/11\/bild_2.webp 614w\" sizes=\"(max-width: 300px) 100vw, 300px\" \/><\/div><\/a>\n\t\t\t\t<div class=\"elementor-post__text\">\n\t\t\t\t<h3 class=\"elementor-post__title\">\n\t\t\t<a href=\"https:\/\/www.gepgroup.se\/en\/blandningsstationer-gaspaneler\/\" >\n\t\t\t\tMixing Stations &amp; Gas Panels\t\t\t<\/a>\n\t\t<\/h3>\n\t\t\t\t<div class=\"elementor-post__excerpt\">\n\t\t\t<p>GEP kan leverera kompletta gasfl\u00f6desstr\u00e4ckor som \u00e4r CE-m\u00e4rkta. Vi kan ocks\u00e5 leverera kompletta system med fl\u00f6desstr\u00e4ckor och styrsystem som upfyller v\u00e5ra kunders \u00f6nskem\u00e5l. Exempel p\u00e5<\/p>\n\t\t<\/div>\n\t\t\n\t\t<a class=\"elementor-post__read-more\" href=\"https:\/\/www.gepgroup.se\/en\/blandningsstationer-gaspaneler\/\" aria-label=\"Read more about Blandningsstationer &#038; Gaspaneler\" >\n\t\t\tRead more \u00bb\t\t<\/a>\n\n\t\t\t\t<\/div>\n\t\t\t\t\t<\/div>\n\t\t<\/article>\n\t\t\t\t<article class=\"elementor-post elementor-grid-item post-83 page type-page status-publish has-post-thumbnail hentry Pagecategories-produkter\">\n\t\t\t<div class=\"elementor-post__card\">\n\t\t\t\t<a class=\"elementor-post__thumbnail__link\" href=\"https:\/\/www.gepgroup.se\/en\/kryoventiler\/\" ><div class=\"elementor-post__thumbnail\"><img decoding=\"async\" width=\"300\" height=\"200\" src=\"https:\/\/www.gepgroup.se\/wp-content\/uploads\/2021\/11\/shutterstock_620155748-300x200.webp\" class=\"attachment-medium size-medium wp-image-33\" alt=\"\" srcset=\"https:\/\/www.gepgroup.se\/wp-content\/uploads\/2021\/11\/shutterstock_620155748-300x200.webp 300w, https:\/\/www.gepgroup.se\/wp-content\/uploads\/2021\/11\/shutterstock_620155748-1024x683.webp 1024w, https:\/\/www.gepgroup.se\/wp-content\/uploads\/2021\/11\/shutterstock_620155748-768x512.webp 768w, https:\/\/www.gepgroup.se\/wp-content\/uploads\/2021\/11\/shutterstock_620155748-1536x1024.webp 1536w, https:\/\/www.gepgroup.se\/wp-content\/uploads\/2021\/11\/shutterstock_620155748-18x12.webp 18w, https:\/\/www.gepgroup.se\/wp-content\/uploads\/2021\/11\/shutterstock_620155748.webp 1920w\" sizes=\"(max-width: 300px) 100vw, 300px\" \/><\/div><\/a>\n\t\t\t\t<div class=\"elementor-post__text\">\n\t\t\t\t<h3 class=\"elementor-post__title\">\n\t\t\t<a href=\"https:\/\/www.gepgroup.se\/en\/kryoventiler\/\" >\n\t\t\t\tCryo pipes\t\t\t<\/a>\n\t\t<\/h3>\n\t\t\t\t<div class=\"elementor-post__excerpt\">\n\t\t\t<p>Kryogena avst\u00e4ngningsventiler fr\u00e5n DN15 till DN150. Ventilerna finns som manuella ventiler, automatiska avst\u00e4ngningsventiler eller som reglerventiler. Ex-klassade ventiler finns p\u00e5 programmet. Vi tillhandah\u00e5ller ocks\u00e5 kulventiler,<\/p>\n\t\t<\/div>\n\t\t\n\t\t<a class=\"elementor-post__read-more\" href=\"https:\/\/www.gepgroup.se\/en\/kryoventiler\/\" aria-label=\"Read more about Kryoventiler\" >\n\t\t\tRead more \u00bb\t\t<\/a>\n\n\t\t\t\t<\/div>\n\t\t\t\t\t<\/div>\n\t\t<\/article>\n\t\t\t\t<article class=\"elementor-post elementor-grid-item post-80 page type-page status-publish has-post-thumbnail hentry Pagecategories-produkter\">\n\t\t\t<div class=\"elementor-post__card\">\n\t\t\t\t<a class=\"elementor-post__thumbnail__link\" href=\"https:\/\/www.gepgroup.se\/en\/gasfacklor\/\" ><div class=\"elementor-post__thumbnail\"><img decoding=\"async\" width=\"300\" height=\"225\" src=\"https:\/\/www.gepgroup.se\/wp-content\/uploads\/2021\/11\/NYKOPING-FACKLA-300x225.webp\" class=\"attachment-medium size-medium wp-image-161\" alt=\"\" srcset=\"https:\/\/www.gepgroup.se\/wp-content\/uploads\/2021\/11\/NYKOPING-FACKLA-300x225.webp 300w, https:\/\/www.gepgroup.se\/wp-content\/uploads\/2021\/11\/NYKOPING-FACKLA-1024x768.webp 1024w, https:\/\/www.gepgroup.se\/wp-content\/uploads\/2021\/11\/NYKOPING-FACKLA-768x576.webp 768w, https:\/\/www.gepgroup.se\/wp-content\/uploads\/2021\/11\/NYKOPING-FACKLA-1536x1152.webp 1536w, https:\/\/www.gepgroup.se\/wp-content\/uploads\/2021\/11\/NYKOPING-FACKLA-16x12.webp 16w, https:\/\/www.gepgroup.se\/wp-content\/uploads\/2021\/11\/NYKOPING-FACKLA.webp 1920w\" sizes=\"(max-width: 300px) 100vw, 300px\" \/><\/div><\/a>\n\t\t\t\t<div class=\"elementor-post__text\">\n\t\t\t\t<h3 class=\"elementor-post__title\">\n\t\t\t<a href=\"https:\/\/www.gepgroup.se\/en\/gasfacklor\/\" >\n\t\t\t\tGas torches\t\t\t<\/a>\n\t\t<\/h3>\n\t\t\t\t<div class=\"elementor-post__excerpt\">\n\t\t\t<p>Facklor beh\u00f6vs f\u00f6r att kunna sl\u00e4ppa ut br\u00e4nnbara gaser p\u00e5 ett s\u00e4kert s\u00e4tt, man eldar upp gasen s\u00e5 att det inte blir explosionsrisk. Fr\u00e5n deponier<\/p>\n\t\t<\/div>\n\t\t\n\t\t<a class=\"elementor-post__read-more\" href=\"https:\/\/www.gepgroup.se\/en\/gasfacklor\/\" aria-label=\"Read more about Gasfacklor\" >\n\t\t\tRead more \u00bb\t\t<\/a>\n\n\t\t\t\t<\/div>\n\t\t\t\t\t<\/div>\n\t\t<\/article>\n\t\t\t\t<article class=\"elementor-post elementor-grid-item post-77 page type-page status-publish has-post-thumbnail hentry Pagecategories-produkter\">\n\t\t\t<div class=\"elementor-post__card\">\n\t\t\t\t<a class=\"elementor-post__thumbnail__link\" href=\"https:\/\/www.gepgroup.se\/en\/kryoledningar-vakuumisolerade-ror\/\" ><div class=\"elementor-post__thumbnail\"><img decoding=\"async\" width=\"300\" height=\"225\" src=\"https:\/\/www.gepgroup.se\/wp-content\/uploads\/2021\/11\/cryovalve1-300x225.webp\" class=\"attachment-medium size-medium wp-image-155\" alt=\"\" srcset=\"https:\/\/www.gepgroup.se\/wp-content\/uploads\/2021\/11\/cryovalve1-300x225.webp 300w, https:\/\/www.gepgroup.se\/wp-content\/uploads\/2021\/11\/cryovalve1-16x12.webp 16w, https:\/\/www.gepgroup.se\/wp-content\/uploads\/2021\/11\/cryovalve1.webp 500w\" sizes=\"(max-width: 300px) 100vw, 300px\" \/><\/div><\/a>\n\t\t\t\t<div class=\"elementor-post__text\">\n\t\t\t\t<h3 class=\"elementor-post__title\">\n\t\t\t<a href=\"https:\/\/www.gepgroup.se\/en\/kryoledningar-vakuumisolerade-ror\/\" >\n\t\t\t\tCryo Anlagenbau Storage Equipment\t\t\t<\/a>\n\t\t<\/h3>\n\t\t\t\t<div class=\"elementor-post__excerpt\">\n\t\t\t<p>Kryoledningar, super vakuumisolerade r\u00f6r (SIVL) och slangar Det mest effektiva s\u00e4ttet att distribuera flytande gaser (LIN,LOX,LAR,LNG, LHY) \u00e4r genom vakuumisolerade r\u00f6r (Super Vacuum Insulated Lines,<\/p>\n\t\t<\/div>\n\t\t\n\t\t<a class=\"elementor-post__read-more\" href=\"https:\/\/www.gepgroup.se\/en\/kryoledningar-vakuumisolerade-ror\/\" aria-label=\"Read more about Kryoledningar &#038; vakuumisolerade r\u00f6r\" >\n\t\t\tRead more \u00bb\t\t<\/a>\n\n\t\t\t\t<\/div>\n\t\t\t\t\t<\/div>\n\t\t<\/article>\n\t\t\t\t<\/div>\n\t\t\n\t\t\t\t<\/div>\n\t\t\t\t<\/div>\n\t\t\t\t\t<\/div>\n\t\t<\/div>\n\t\t\t\t\t\t\t<\/div>\n\t\t<\/section>\n\t\t\t\t\t\t\t<\/div>","protected":false},"excerpt":{"rendered":"","protected":false},"author":1,"featured_media":0,"parent":0,"menu_order":0,"comment_status":"closed","ping_status":"closed","template":"","meta":{"_seopress_robots_primary_cat":"","footnotes":""},"Pagecategories":[],"class_list":["post-74","page","type-page","status-publish","hentry"],"_links":{"self":[{"href":"https:\/\/www.gepgroup.se\/en\/wp-json\/wp\/v2\/pages\/74","targetHints":{"allow":["GET"]}}],"collection":[{"href":"https:\/\/www.gepgroup.se\/en\/wp-json\/wp\/v2\/pages"}],"about":[{"href":"https:\/\/www.gepgroup.se\/en\/wp-json\/wp\/v2\/types\/page"}],"author":[{"embeddable":true,"href":"https:\/\/www.gepgroup.se\/en\/wp-json\/wp\/v2\/users\/1"}],"replies":[{"embeddable":true,"href":"https:\/\/www.gepgroup.se\/en\/wp-json\/wp\/v2\/comments?post=74"}],"version-history":[{"count":4,"href":"https:\/\/www.gepgroup.se\/en\/wp-json\/wp\/v2\/pages\/74\/revisions"}],"predecessor-version":[{"id":265,"href":"https:\/\/www.gepgroup.se\/en\/wp-json\/wp\/v2\/pages\/74\/revisions\/265"}],"wp:attachment":[{"href":"https:\/\/www.gepgroup.se\/en\/wp-json\/wp\/v2\/media?parent=74"}],"wp:term":[{"taxonomy":"Pagecategories","embeddable":true,"href":"https:\/\/www.gepgroup.se\/en\/wp-json\/wp\/v2\/Pagecategories?post=74"}],"curies":[{"name":"wp","href":"https:\/\/api.w.org\/{rel}","templated":true}]}}